{"id":2528,"date":"2021-12-28T11:39:32","date_gmt":"2021-12-28T10:39:32","guid":{"rendered":"https:\/\/conferencepres.site\/pres22\/?page_id=2528"},"modified":"2022-07-29T13:40:10","modified_gmt":"2022-07-29T12:40:10","slug":"journal-special-issues","status":"publish","type":"page","link":"https:\/\/conferencepres.site\/pres22\/journal-special-issues\/","title":{"rendered":"JOURNAL SPECIAL ISSUES"},"content":{"rendered":"\r\n<p><strong>CHEMICAL ENGINEERING TRANSACTIONS<\/strong><\/p>\r\n\r\n\r\n\r\n<p>Peer-reviewed accepted 6-page papers may have the option to be published in Chemical Engineering Transactions (CET),\u00a0<a href=\"https:\/\/www.cetjournal.it\/index.php\/cet\">www.cetjournal.it<\/a> (indexed by SCOPUS and Google Scholar).<\/p>\r\n\r\n\r\n\r\n<p><strong>SPECIAL ISSUE PUBLICATIONS<\/strong><\/p>\r\n\r\n\r\n\r\n<p>Selected papers will be invited to be extended and submitted to in special issues of several leading journals.<\/p>\r\n\r\n\r\n\r\n<h2 class=\"wp-block-heading\"><a href=\"https:\/\/www.journals.elsevier.com\/renewable-and-sustainable-energy-reviews\" target=\"_blank\" rel=\"noreferrer noopener\">Renewable &amp; Sustainable Energy Reviews<\/a><\/h2>\r\n\r\n\r\n\r\n<figure class=\"wp-block-image is-resized\"><img loading=\"lazy\" decoding=\"async\" src=\"https:\/\/conferencepres.site\/pres21\/wp-content\/themes\/pres21\/img\/publications-renewable-and-sustainable-energy-reviews.jpg\" alt=\"Renewable &amp; Sustainable Energy Reviews\" width=\"150\" height=\"200\" \/><\/figure>\r\n\r\n\r\n\r\n<p><strong>Impact Factor = 14.982<\/strong><\/p>\r\n\r\n\r\n\r\n<p>Renewable and Sustainable Energy Reviews publishes review papers, original research, case studies and new technology analyses with a significant review element, which may take the form of a critique, comparison, or analysis.<\/p>\r\n\r\n\r\n\r\n<p><em>Editor-in-Chief<\/em><\/p>\r\n\r\n\r\n\r\n<p>A. M. Foley (UK)<\/p>\r\n\r\n\r\n\r\n<p>&nbsp;<\/p>\r\n\r\n\r\n\r\n<p>&nbsp;<\/p>\r\n\r\n\r\n\r\n<h2 class=\"wp-block-heading\"><a href=\"https:\/\/www.journals.elsevier.com\/journal-of-cleaner-production\" target=\"_blank\" rel=\"noreferrer noopener\">Journal of Cleaner Production<\/a><\/h2>\r\n\r\n\r\n\r\n<figure class=\"wp-block-image size-full is-resized\"><img loading=\"lazy\" decoding=\"async\" class=\"wp-image-2532\" src=\"https:\/\/conferencepres.site\/pres22\/wp-content\/uploads\/journal_of_CLEANER_PRODUCTION.jpg\" alt=\"\" width=\"150\" height=\"199\" srcset=\"https:\/\/conferencepres.site\/pres22\/wp-content\/uploads\/journal_of_CLEANER_PRODUCTION.jpg 576w, https:\/\/conferencepres.site\/pres22\/wp-content\/uploads\/journal_of_CLEANER_PRODUCTION-225x300.jpg 225w\" sizes=\"(max-width: 150px) 100vw, 150px\" \/><\/figure>\r\n\r\n\r\n\r\n<p><strong>Impact factor = 9.297<\/strong><\/p>\r\n\r\n\r\n\r\n<p>JCLEPRO serves as a transdisciplinary, international forum for the exchange of information and research concepts, policies, and technologies designed to help ensure progress towards making societies and regions more sustainable. It aims to encourage innovation and creativity, new and improved products, and the implementation of new, cleaner structures, systems, processes, products, and services.<\/p>\r\n\r\n\r\n\r\n<p><em>Co-Editors-in-Chief<\/em><\/p>\r\n\r\n\r\n\r\n<p>J.J. Kleme\u0161 (CZ), C.M.V.B. de Almeida (BR), and Y. Wang (CN)<\/p>\r\n\r\n\r\n\r\n<p>&nbsp;<\/p>\r\n\r\n\r\n\r\n<h2 class=\"wp-block-heading\"><a href=\"https:\/\/www.journals.elsevier.com\/energy\" target=\"_blank\" rel=\"noreferrer noopener\">Energy<\/a><\/h2>\r\n\r\n\r\n\r\n<figure class=\"wp-block-image size-full is-resized\"><img loading=\"lazy\" decoding=\"async\" class=\"wp-image-2534\" src=\"https:\/\/conferencepres.site\/pres22\/wp-content\/uploads\/energy.jpg\" alt=\"\" width=\"155\" height=\"207\" \/><\/figure>\r\n\r\n\r\n\r\n<p><strong>Impact Factor = 7.147<\/strong><\/p>\r\n\r\n\r\n\r\n<p>Energy provides a platform for publications geared toward energy saving and pollution reduction from the entire value chain in energy sourcing, generation, supply, and use. Energy is an international, multi-disciplinary journal in energy engineering and research. It aims to be a leading platform and an authoritative source of information for analyses, reviews and evaluations related to energy. The journal covers research in mechanical engineering and thermal sciences, with a strong focus on energy analysis, energy modelling and prediction, integrated energy systems, energy planning and energy management.<\/p>\r\n\r\n\r\n\r\n<p><em>Editor-in-Chief<\/em><\/p>\r\n\r\n\r\n\r\n<p>H. Lund (SE)<\/p>\r\n<h1 data-testid=\"title\"><a href=\"https:\/\/www.elsevier.com\/journals\/thermal-science-and-engineering-progress\/2451-9049\/subscribe\">Thermal Science and Engineering Progress<\/a><\/h1>\r\n<p>\r\n\r\n<\/p>\r\n<figure class=\"wp-block-image size-full is-resized\"><img loading=\"lazy\" decoding=\"async\" class=\"Header_image__3KlWZ\" src=\"https:\/\/secure-ecsd.elsevier.com\/covers\/80\/Tango2\/large\/24519049.jpg\" alt=\"Thermal Science and Engineering Progress\" width=\"159\" height=\"212\" \/><\/figure>\r\n<p><strong>Impact Factor = 4.56<\/strong><\/p>\r\n<p>\r\n\r\n<\/p>\r\n<p>\r\n\r\n<\/p>\r\n<p><em>Thermal Science and Engineering Progress<\/em> (TSEP) publishes original, high-quality research articles that span activities ranging from fundamental scientific research and discussion of the more controversial thermodynamic theories, to developments in thermal engineering that are in many instances examples of the way scientists and engineers are addressing the challenges facing a growing population, smart cities and global warming, maximising thermodynamic efficiencies and minimising all heat losses. It is intended that these will be of current relevance and interest to industry, academia and other practitioners.<\/p>\r\n<p>\r\n\r\n<\/p>\r\n<p><em>Editor-in-Chief<\/em><\/p>\r\n<p>\r\n\r\n<\/p>\r\n<p>D. Reay (UK)<\/p>\r\n\r\n\r\n\r\n<h2 class=\"wp-block-heading\"><a href=\"https:\/\/www.mdpi.com\/journal\/energies\" target=\"_blank\" rel=\"noreferrer noopener\">Energies<\/a><\/h2>\r\n\r\n\r\n\r\n<figure class=\"wp-block-image size-large is-resized\"><img loading=\"lazy\" decoding=\"async\" class=\"wp-image-2535\" src=\"https:\/\/conferencepres.site\/pres22\/wp-content\/uploads\/Energies-730x1024.png\" alt=\"\" width=\"142\" height=\"199\" srcset=\"https:\/\/conferencepres.site\/pres22\/wp-content\/uploads\/Energies-730x1024.png 730w, https:\/\/conferencepres.site\/pres22\/wp-content\/uploads\/Energies-214x300.png 214w, https:\/\/conferencepres.site\/pres22\/wp-content\/uploads\/Energies-768x1077.png 768w, https:\/\/conferencepres.site\/pres22\/wp-content\/uploads\/Energies-1095x1536.png 1095w, https:\/\/conferencepres.site\/pres22\/wp-content\/uploads\/Energies-1460x2048.png 1460w\" sizes=\"(max-width: 142px) 100vw, 142px\" \/><\/figure>\r\n\r\n\r\n\r\n<p><strong>Impact Factor = 3.004<\/strong><\/p>\r\n\r\n\r\n\r\n<p>Energies\u00a0is a peer-reviewed\u00a0open access journal of related scientific research, technology development, engineering, and the studies in policy and management and is published\u00a0semi-monthly online by MDPI.<\/p>\r\n\r\n\r\n\r\n<p><em>Editor-in-Chief<\/em><\/p>\r\n\r\n\r\n\r\n<p>E. Sciubba\u00a0(IT)<\/p>\r\n\r\n\r\n\r\n<h2 class=\"wp-block-heading\"><a href=\"https:\/\/www.journals.elsevier.com\/cleaner-engineering-and-technology\/\" target=\"_blank\" rel=\"noreferrer noopener\">Cleaner Engineering and Technology<\/a><\/h2>\r\n\r\n\r\n\r\n<figure class=\"wp-block-image size-full is-resized\"><img loading=\"lazy\" decoding=\"async\" class=\"wp-image-2537\" src=\"https:\/\/conferencepres.site\/pres22\/wp-content\/uploads\/cleaner-engineering-and-technology.gif\" alt=\"\" width=\"134\" height=\"179\" \/><\/figure>\r\n\r\n\r\n\r\n<p><strong>Golden Open Access<\/strong><\/p>\r\n\r\n\r\n\r\n<p>Cleaner Engineering and Technology\u00a0is an international, transdisciplinary journal that aims at preventing the production of waste, while increasing efficiencies in the uses of energy, water, resources, and human capital.\u00a0Cleaner Engineering and Technology\u00a0serves as a platform for addressing and discussing theoretical and practical cleaner production, encompassing environmental, and sustainability issues.<\/p>\r\n\r\n\r\n\r\n<p><em>Editors-in-Chief<\/em><\/p>\r\n\r\n\r\n\r\n<p>J.J. Kleme\u0161 (CZ), P. Oc\u0142o\u0144 (PL)<\/p>\r\n\r\n\r\n\r\n<h2 class=\"wp-block-heading\"><a href=\"https:\/\/www.journals.elsevier.com\/cleaner-energy-systems\" target=\"_blank\" rel=\"noreferrer noopener\">Cleaner Energy Systems<\/a><\/h2>\r\n\r\n\r\n\r\n<figure class=\"wp-block-image size-full is-resized\"><img loading=\"lazy\" decoding=\"async\" class=\"wp-image-2539\" src=\"https:\/\/conferencepres.site\/pres22\/wp-content\/uploads\/cleaner-energy-systems.gif\" alt=\"\" width=\"134\" height=\"178\" \/><\/figure>\r\n\r\n\r\n\r\n<p><strong>Golden Open Access<\/strong><\/p>\r\n\r\n\r\n\r\n<p>Cleaner Energy Systems is an international, transdisciplinary journal focusing on cleaner ways of sourcing, transforming, transporting, delivering and using energy.\u00a0\u00a0Cleaner Energy Systems serves as a platform to debate issues of delivering sufficient energy in a clean way.<\/p>\r\n\r\n\r\n\r\n<p><em>Editors-in-Chief<\/em><\/p>\r\n\r\n\r\n\r\n<p>P. Seferlis (GR), P. S. Varbanov (CZ)<\/p>\r\n\r\n\r\n\r\n<h2 class=\"wp-block-heading\"><a href=\"https:\/\/www.journals.elsevier.com\/cleaner-chemical-engineering\">Cleaner Che<\/a><a href=\"https:\/\/www.journals.elsevier.com\/cleaner-chemical-engineering\" target=\"_blank\" rel=\"noreferrer noopener\">mical Engineering<\/a><\/h2>\r\n\r\n\r\n\r\n<figure class=\"wp-block-image size-full is-resized\"><img loading=\"lazy\" decoding=\"async\" class=\"wp-image-2540\" src=\"https:\/\/conferencepres.site\/pres22\/wp-content\/uploads\/cleaner-chemical-engineering.png\" alt=\"\" width=\"128\" height=\"168\" \/><\/figure>\r\n\r\n\r\n\r\n<p><strong>Golden Open Access<\/strong><\/p>\r\n\r\n\r\n\r\n<p><em>C<\/em>leaner Chemical Engineering\u00a0serves as a platform to analyse and debate the role of chemical engineering in the period of the energy transition.<\/p>\r\n\r\n\r\n\r\n<p><em>Editors-in-Chief<\/em><\/p>\r\n\r\n\r\n\r\n<p>J.J. Kleme\u0161 (CZ), M. Zeng (CN)<\/p>\r\n<p>&nbsp;<\/p>\r\n","protected":false},"excerpt":{"rendered":"<p>CHEMICAL ENGINEERING TRANSACTIONS Peer-reviewed accepted 6-page papers may have the option to be published in Chemical Engineering Transactions (CET),\u00a0www.cetjournal.it (indexed by SCOPUS and Google Scholar). SPECIAL ISSUE PUBLICATIONS Selected papers will be invited to be extended and submitted to in special issues of several leading journals. Renewable &amp; Sustainable Energy&hellip; <\/p>\n","protected":false},"author":3,"featured_media":0,"parent":0,"menu_order":0,"comment_status":"closed","ping_status":"closed","template":"template-page-builder-no-sidebar.php","meta":{"footnotes":""},"yoast_head":"<!-- This site is optimized with the Yoast SEO plugin v17.6 - https:\/\/yoast.com\/wordpress\/plugins\/seo\/ -->\n<title>JOURNAL SPECIAL ISSUES - 25th Conference on Process Integration for Energy Saving and Pollution Reduction - PRES&#039;22<\/title>\n<meta name=\"robots\" content=\"index, follow, max-snippet:-1, max-image-preview:large, max-video-preview:-1\" \/>\n<link rel=\"canonical\" href=\"https:\/\/conferencepres.site\/pres22\/journal-special-issues\/\" \/>\n<meta property=\"og:locale\" content=\"en_US\" \/>\n<meta property=\"og:type\" content=\"article\" \/>\n<meta property=\"og:title\" content=\"JOURNAL SPECIAL ISSUES - 25th Conference on Process Integration for Energy Saving and Pollution Reduction - PRES&#039;22\" \/>\n<meta property=\"og:description\" content=\"CHEMICAL ENGINEERING TRANSACTIONS Peer-reviewed accepted 6-page papers may have the option to be published in Chemical Engineering Transactions (CET),\u00a0www.cetjournal.it (indexed by SCOPUS and Google Scholar). SPECIAL ISSUE PUBLICATIONS Selected papers will be invited to be extended and submitted to in special issues of several leading journals. Renewable &amp; Sustainable Energy&hellip;\" \/>\n<meta property=\"og:url\" content=\"https:\/\/conferencepres.site\/pres22\/journal-special-issues\/\" \/>\n<meta property=\"og:site_name\" content=\"25th Conference on Process Integration for Energy Saving and Pollution Reduction - PRES&#039;22\" \/>\n<meta property=\"article:modified_time\" content=\"2022-07-29T12:40:10+00:00\" \/>\n<meta property=\"og:image\" content=\"https:\/\/conferencepres.site\/pres21\/wp-content\/themes\/pres21\/img\/publications-renewable-and-sustainable-energy-reviews.jpg\" \/>\n<meta name=\"twitter:card\" content=\"summary_large_image\" \/>\n<meta name=\"twitter:label1\" content=\"Est. reading time\" \/>\n\t<meta name=\"twitter:data1\" content=\"5 minutes\" \/>\n<script type=\"application\/ld+json\" class=\"yoast-schema-graph\">{\"@context\":\"https:\/\/schema.org\",\"@graph\":[{\"@type\":\"WebSite\",\"@id\":\"https:\/\/conferencepres.site\/pres22\/#website\",\"url\":\"https:\/\/conferencepres.site\/pres22\/\",\"name\":\"25th Conference on Process Integration for Energy Saving and Pollution Reduction - PRES&#039;22\",\"description\":\"\",\"potentialAction\":[{\"@type\":\"SearchAction\",\"target\":{\"@type\":\"EntryPoint\",\"urlTemplate\":\"https:\/\/conferencepres.site\/pres22\/?s={search_term_string}\"},\"query-input\":\"required name=search_term_string\"}],\"inLanguage\":\"en-US\"},{\"@type\":\"ImageObject\",\"@id\":\"https:\/\/conferencepres.site\/pres22\/journal-special-issues\/#primaryimage\",\"inLanguage\":\"en-US\",\"url\":\"https:\/\/conferencepres.site\/pres21\/wp-content\/themes\/pres21\/img\/publications-renewable-and-sustainable-energy-reviews.jpg\",\"contentUrl\":\"https:\/\/conferencepres.site\/pres21\/wp-content\/themes\/pres21\/img\/publications-renewable-and-sustainable-energy-reviews.jpg\"},{\"@type\":\"WebPage\",\"@id\":\"https:\/\/conferencepres.site\/pres22\/journal-special-issues\/#webpage\",\"url\":\"https:\/\/conferencepres.site\/pres22\/journal-special-issues\/\",\"name\":\"JOURNAL SPECIAL ISSUES - 25th Conference on Process Integration for Energy Saving and Pollution Reduction - PRES&#039;22\",\"isPartOf\":{\"@id\":\"https:\/\/conferencepres.site\/pres22\/#website\"},\"primaryImageOfPage\":{\"@id\":\"https:\/\/conferencepres.site\/pres22\/journal-special-issues\/#primaryimage\"},\"datePublished\":\"2021-12-28T10:39:32+00:00\",\"dateModified\":\"2022-07-29T12:40:10+00:00\",\"breadcrumb\":{\"@id\":\"https:\/\/conferencepres.site\/pres22\/journal-special-issues\/#breadcrumb\"},\"inLanguage\":\"en-US\",\"potentialAction\":[{\"@type\":\"ReadAction\",\"target\":[\"https:\/\/conferencepres.site\/pres22\/journal-special-issues\/\"]}]},{\"@type\":\"BreadcrumbList\",\"@id\":\"https:\/\/conferencepres.site\/pres22\/journal-special-issues\/#breadcrumb\",\"itemListElement\":[{\"@type\":\"ListItem\",\"position\":1,\"name\":\"Home\",\"item\":\"https:\/\/conferencepres.site\/pres22\/\"},{\"@type\":\"ListItem\",\"position\":2,\"name\":\"JOURNAL SPECIAL ISSUES\"}]}]}<\/script>\n<!-- \/ Yoast SEO plugin. -->","yoast_head_json":{"title":"JOURNAL SPECIAL ISSUES - 25th Conference on Process Integration for Energy Saving and Pollution Reduction - PRES&#039;22","robots":{"index":"index","follow":"follow","max-snippet":"max-snippet:-1","max-image-preview":"max-image-preview:large","max-video-preview":"max-video-preview:-1"},"canonical":"https:\/\/conferencepres.site\/pres22\/journal-special-issues\/","og_locale":"en_US","og_type":"article","og_title":"JOURNAL SPECIAL ISSUES - 25th Conference on Process Integration for Energy Saving and Pollution Reduction - PRES&#039;22","og_description":"CHEMICAL ENGINEERING TRANSACTIONS Peer-reviewed accepted 6-page papers may have the option to be published in Chemical Engineering Transactions (CET),\u00a0www.cetjournal.it (indexed by SCOPUS and Google Scholar). SPECIAL ISSUE PUBLICATIONS Selected papers will be invited to be extended and submitted to in special issues of several leading journals. Renewable &amp; Sustainable Energy&hellip;","og_url":"https:\/\/conferencepres.site\/pres22\/journal-special-issues\/","og_site_name":"25th Conference on Process Integration for Energy Saving and Pollution Reduction - PRES&#039;22","article_modified_time":"2022-07-29T12:40:10+00:00","og_image":[{"url":"https:\/\/conferencepres.site\/pres21\/wp-content\/themes\/pres21\/img\/publications-renewable-and-sustainable-energy-reviews.jpg"}],"twitter_card":"summary_large_image","twitter_misc":{"Est. reading time":"5 minutes"},"schema":{"@context":"https:\/\/schema.org","@graph":[{"@type":"WebSite","@id":"https:\/\/conferencepres.site\/pres22\/#website","url":"https:\/\/conferencepres.site\/pres22\/","name":"25th Conference on Process Integration for Energy Saving and Pollution Reduction - PRES&#039;22","description":"","potentialAction":[{"@type":"SearchAction","target":{"@type":"EntryPoint","urlTemplate":"https:\/\/conferencepres.site\/pres22\/?s={search_term_string}"},"query-input":"required name=search_term_string"}],"inLanguage":"en-US"},{"@type":"ImageObject","@id":"https:\/\/conferencepres.site\/pres22\/journal-special-issues\/#primaryimage","inLanguage":"en-US","url":"https:\/\/conferencepres.site\/pres21\/wp-content\/themes\/pres21\/img\/publications-renewable-and-sustainable-energy-reviews.jpg","contentUrl":"https:\/\/conferencepres.site\/pres21\/wp-content\/themes\/pres21\/img\/publications-renewable-and-sustainable-energy-reviews.jpg"},{"@type":"WebPage","@id":"https:\/\/conferencepres.site\/pres22\/journal-special-issues\/#webpage","url":"https:\/\/conferencepres.site\/pres22\/journal-special-issues\/","name":"JOURNAL SPECIAL ISSUES - 25th Conference on Process Integration for Energy Saving and Pollution Reduction - PRES&#039;22","isPartOf":{"@id":"https:\/\/conferencepres.site\/pres22\/#website"},"primaryImageOfPage":{"@id":"https:\/\/conferencepres.site\/pres22\/journal-special-issues\/#primaryimage"},"datePublished":"2021-12-28T10:39:32+00:00","dateModified":"2022-07-29T12:40:10+00:00","breadcrumb":{"@id":"https:\/\/conferencepres.site\/pres22\/journal-special-issues\/#breadcrumb"},"inLanguage":"en-US","potentialAction":[{"@type":"ReadAction","target":["https:\/\/conferencepres.site\/pres22\/journal-special-issues\/"]}]},{"@type":"BreadcrumbList","@id":"https:\/\/conferencepres.site\/pres22\/journal-special-issues\/#breadcrumb","itemListElement":[{"@type":"ListItem","position":1,"name":"Home","item":"https:\/\/conferencepres.site\/pres22\/"},{"@type":"ListItem","position":2,"name":"JOURNAL SPECIAL ISSUES"}]}]}},"_links":{"self":[{"href":"https:\/\/conferencepres.site\/pres22\/wp-json\/wp\/v2\/pages\/2528"}],"collection":[{"href":"https:\/\/conferencepres.site\/pres22\/wp-json\/wp\/v2\/pages"}],"about":[{"href":"https:\/\/conferencepres.site\/pres22\/wp-json\/wp\/v2\/types\/page"}],"author":[{"embeddable":true,"href":"https:\/\/conferencepres.site\/pres22\/wp-json\/wp\/v2\/users\/3"}],"replies":[{"embeddable":true,"href":"https:\/\/conferencepres.site\/pres22\/wp-json\/wp\/v2\/comments?post=2528"}],"version-history":[{"count":15,"href":"https:\/\/conferencepres.site\/pres22\/wp-json\/wp\/v2\/pages\/2528\/revisions"}],"predecessor-version":[{"id":3313,"href":"https:\/\/conferencepres.site\/pres22\/wp-json\/wp\/v2\/pages\/2528\/revisions\/3313"}],"wp:attachment":[{"href":"https:\/\/conferencepres.site\/pres22\/wp-json\/wp\/v2\/media?parent=2528"}],"curies":[{"name":"wp","href":"https:\/\/api.w.org\/{rel}","templated":true}]}}